{"id":634,"date":"2023-12-21T03:34:24","date_gmt":"2023-12-21T02:34:24","guid":{"rendered":"https:\/\/cryptoblock.net\/?page_id=634"},"modified":"2024-02-13T19:17:37","modified_gmt":"2024-02-13T18:17:37","slug":"privacy-policies","status":"publish","type":"page","link":"https:\/\/www.cryptoblock.net\/es\/privacy-policies\/","title":{"rendered":"Pol\u00edticas de privacidad"},"content":{"rendered":"<div data-elementor-type=\"wp-page\" data-elementor-id=\"634\" class=\"elementor elementor-634\" data-elementor-post-type=\"page\">\n\t\t\t\t<div class=\"elementor-element elementor-element-e0a6700 e-flex e-con-boxed e-con e-parent\" data-id=\"e0a6700\" data-element_type=\"container\" data-e-type=\"container\">\n\t\t\t\t\t<div class=\"e-con-inner\">\n\t\t\t\t<div class=\"elementor-element elementor-element-8f62ffe elementor-widget elementor-widget-text-editor\" data-id=\"8f62ffe\" data-element_type=\"widget\" data-e-type=\"widget\" data-widget_type=\"text-editor.default\">\n\t\t\t\t<div class=\"elementor-widget-container\">\n\t\t\t\t\t\t\t\t\t<p>POL\u00cdTICA DE PRIVACIDAD<\/p><p><span style=\"font-style: inherit; font-weight: inherit; text-align: var(--text-align); font-family: var( --e-global-typography-text-font-family ), Sans-serif;\">1. INFORMACI\u00d3N GENERAL<\/span><\/p>\n<p>CryptoBlock Technologies S.L. (en adelante, \u201cCryptoBlock\u201d) se compromete a proteger y respetar tu privacidad, y garantiza el cumplimiento \u00edntegro de las obligaciones dispuestas, as\u00ed como la implementaci\u00f3n de las medidas de seguridad dispuestas en el Reglamento General de Protecci\u00f3n de Datos (RGPD) (UE) 2016\/679, de 27 de abril, y en la Ley Org\u00e1nica 3\/2018, de 5 de diciembre, de Protecci\u00f3n de Datos Personales y garant\u00eda de los derechos digitales (LOPD y GDD, en adelante LOPD). Esta pol\u00edtica establece c\u00f3mo recopilamos, usamos y protegemos la informaci\u00f3n que nos proporcionas al utilizar este sitio web.<\/p>\n<p>2. INFORMACI\u00d3N QUE RECOPILAMOS<\/p>\n<p>An\u00e1lisis de la navegaci\u00f3n web, personalizaci\u00f3n y marketing mediante uso de cookies.<\/p>\n<p>3. USO DE LA INFORMACI\u00d3N<\/p>\n<p>Utilizamos la informaci\u00f3n recopilada para gesti\u00f3n de preferencias, funcionalidades y an\u00e1lisis de la navegaci\u00f3n de los usuarios en la web a trav\u00e9s del uso de cookies. Se puede consultar la informaci\u00f3n completa en la Pol\u00edtica de Cookies.<\/p>\n<p>4. COOKIES Y TECNOLOG\u00cdAS SIMILARES<\/p>\n<p>Este sitio web utiliza cookies y tecnolog\u00edas similares. Consulta nuestra Pol\u00edtica de Cookies para obtener m\u00e1s informaci\u00f3n sobre c\u00f3mo utilizamos estas tecnolog\u00edas.<\/p>\n<p>5. COMPARTIR INFORMACI\u00d3N CON TERCEROS<\/p>\n<p>No compartiremos tu informaci\u00f3n con terceros, excepto cuando sea necesario para redes sociales que sigan alguna de las cuentas abajo mencionadas e interact\u00faen con CryptoBlock a trav\u00e9s de sus perfiles, podr\u00e1n facilitar datos personales dentro de las relaciones comerciales que se efect\u00faen a trav\u00e9s de dichas plataformas.<\/p>\n<p>&nbsp;&nbsp;&nbsp; LinkedIn: https:\/\/www.linkedin.com\/company\/cryptoblock<br>&nbsp;&nbsp;&nbsp; Twitter: https:\/\/twitter.com\/CryptoBlock_net<br>&nbsp;&nbsp;&nbsp; Instagram: https:\/\/www.instagram.com\/cryptoblock_net\/<br>&nbsp;&nbsp;&nbsp; TikTok: https:\/\/www.tiktok.com\/@cryptoblock_net<\/p>\n<p>6. SEGURIDAD DE LA INFORMACI\u00d3N<\/p>\n<p>Implementamos medidas de seguridad para proteger tu informaci\u00f3n contra el acceso no autorizado, la divulgaci\u00f3n o destrucci\u00f3n no autorizada. La informaci\u00f3n suministrada por el Usuario tendr\u00e1, en todo caso, la consideraci\u00f3n de confidencial, sin que pueda ser utilizada para otros fines distintos a los aqu\u00ed descritos. CryptoBlock se obliga a no divulgar ni revelar informaci\u00f3n sobre las pretensiones del Usuario, los motivos del asesoramiento solicitado o la duraci\u00f3n de su relaci\u00f3n con \u00e9ste.<\/p>\n<p>7. TUS DERECHOS<\/p>\n<p>Tienes derechos sobre tus datos personales, incluido el derecho de acceder, corregir, eliminar y oponerte al procesamiento. Para ejercer estos derechos, cont\u00e1ctanos por Email a \"legal@cryptoblock.net\" o envia un correo a CryptoBlock Technologies, S.L., en Camino de Sa Torre, 6, 07159 Andratx \u2013 Islas Baleares, Espa\u00f1a.<\/p>\n<p>8. CAMBIOS EN LA POL\u00cdTICA DE PRIVACIDAD<\/p>\n<p>Nos reservamos el derecho de actualizar esta pol\u00edtica en cualquier momento. Se te notificar\u00e1 de cualquier cambio mediante la publicaci\u00f3n de la pol\u00edtica de privacidad actualizada en el sitio web.<\/p>\t\t\t\t\t\t\t\t<\/div>\n\t\t\t\t<\/div>\n\t\t\t\t\t<\/div>\n\t\t\t\t<\/div>\n\t\t\t\t<\/div>","protected":false},"excerpt":{"rendered":"<p>PRIVACY POLICY 1. GENERAL INFORMATION CryptoBlock Technologies S.L. (hereinafter referred to as &#8220;CryptoBlock&#8221;) is committed to protecting and respecting your privacy, ensuring full compliance with the obligations set forth, as well as the implementation of security measures provided in the General Data Protection Regulation (GDPR) (EU) 2016\/679 of April 27, and in the Organic Law [&hellip;]<\/p>\n","protected":false},"author":1,"featured_media":0,"parent":0,"menu_order":0,"comment_status":"closed","ping_status":"closed","template":"","meta":{"inline_featured_image":false,"site-sidebar-layout":"no-sidebar","site-content-layout":"","ast-site-content-layout":"full-width-container","site-content-style":"default","site-sidebar-style":"default","ast-global-header-display":"","ast-banner-title-visibility":"","ast-main-header-display":"","ast-hfb-above-header-display":"","ast-hfb-below-header-display":"","ast-hfb-mobile-header-display":"","site-post-title":"disabled","ast-breadcrumbs-content":"","ast-featured-img":"disabled","footer-sml-layout":"","theme-transparent-header-meta":"","adv-header-id-meta":"","stick-header-meta":"","header-above-stick-meta":"","header-main-stick-meta":"","header-below-stick-meta":"","astra-migrate-meta-layouts":"default","ast-page-background-enabled":"default","ast-page-background-meta":{"desktop":{"background-color":"var(--ast-global-color-4)","background-image":"","background-repeat":"repeat","background-position":"center center","background-size":"auto","background-attachment":"scroll","background-type":"","background-media":"","overlay-type":"","overlay-color":"","overlay-opacity":"","overlay-gradient":""},"tablet":{"background-color":"","background-image":"","background-repeat":"repeat","background-position":"center center","background-size":"auto","background-attachment":"scroll","background-type":"","background-media":"","overlay-type":"","overlay-color":"","overlay-opacity":"","overlay-gradient":""},"mobile":{"background-color":"","background-image":"","background-repeat":"repeat","background-position":"center center","background-size":"auto","background-attachment":"scroll","background-type":"","background-media":"","overlay-type":"","overlay-color":"","overlay-opacity":"","overlay-gradient":""}},"ast-content-background-meta":{"desktop":{"background-color":"var(--ast-global-color-5)","background-image":"","background-repeat":"repeat","background-position":"center center","background-size":"auto","background-attachment":"scroll","background-type":"","background-media":"","overlay-type":"","overlay-color":"","overlay-opacity":"","overlay-gradient":""},"tablet":{"background-color":"var(--ast-global-color-5)","background-image":"","background-repeat":"repeat","background-position":"center center","background-size":"auto","background-attachment":"scroll","background-type":"","background-media":"","overlay-type":"","overlay-color":"","overlay-opacity":"","overlay-gradient":""},"mobile":{"background-color":"var(--ast-global-color-5)","background-image":"","background-repeat":"repeat","background-position":"center center","background-size":"auto","background-attachment":"scroll","background-type":"","background-media":"","overlay-type":"","overlay-color":"","overlay-opacity":"","overlay-gradient":""}},"footnotes":""},"class_list":["post-634","page","type-page","status-publish","hentry"],"aioseo_notices":[],"_links":{"self":[{"href":"https:\/\/www.cryptoblock.net\/es\/wp-json\/wp\/v2\/pages\/634","targetHints":{"allow":["GET"]}}],"collection":[{"href":"https:\/\/www.cryptoblock.net\/es\/wp-json\/wp\/v2\/pages"}],"about":[{"href":"https:\/\/www.cryptoblock.net\/es\/wp-json\/wp\/v2\/types\/page"}],"author":[{"embeddable":true,"href":"https:\/\/www.cryptoblock.net\/es\/wp-json\/wp\/v2\/users\/1"}],"replies":[{"embeddable":true,"href":"https:\/\/www.cryptoblock.net\/es\/wp-json\/wp\/v2\/comments?post=634"}],"version-history":[{"count":29,"href":"https:\/\/www.cryptoblock.net\/es\/wp-json\/wp\/v2\/pages\/634\/revisions"}],"predecessor-version":[{"id":1323,"href":"https:\/\/www.cryptoblock.net\/es\/wp-json\/wp\/v2\/pages\/634\/revisions\/1323"}],"wp:attachment":[{"href":"https:\/\/www.cryptoblock.net\/es\/wp-json\/wp\/v2\/media?parent=634"}],"curies":[{"name":"wp","href":"https:\/\/api.w.org\/{rel}","templated":true}]}}