{"id":401,"date":"2023-11-21T18:59:18","date_gmt":"2023-11-21T17:59:18","guid":{"rendered":"https:\/\/cryptoblock.net\/?page_id=401"},"modified":"2024-02-14T13:43:22","modified_gmt":"2024-02-14T12:43:22","slug":"company","status":"publish","type":"page","link":"https:\/\/www.cryptoblock.net\/es\/company\/","title":{"rendered":"Empresa"},"content":{"rendered":"<div data-elementor-type=\"wp-page\" data-elementor-id=\"401\" class=\"elementor elementor-401\" data-elementor-post-type=\"page\">\n\t\t\t\t\t\t<section class=\"elementor-section elementor-top-section elementor-element elementor-element-bf8be84 elementor-section-boxed elementor-section-height-default elementor-section-height-default\" data-id=\"bf8be84\" data-element_type=\"section\" data-e-type=\"section\" id=\"mission\" data-settings=\"{&quot;background_background&quot;:&quot;classic&quot;}\">\n\t\t\t\t\t\t<div class=\"elementor-container elementor-column-gap-default\">\n\t\t\t\t\t<div class=\"elementor-column elementor-col-100 elementor-top-column elementor-element elementor-element-2db365a\" data-id=\"2db365a\" data-element_type=\"column\" data-e-type=\"column\">\n\t\t\t<div class=\"elementor-widget-wrap elementor-element-populated\">\n\t\t\t\t\t\t<div class=\"elementor-element elementor-element-a6d7008 elementor-widget elementor-widget-heading\" data-id=\"a6d7008\" data-element_type=\"widget\" data-e-type=\"widget\" data-widget_type=\"heading.default\">\n\t\t\t\t<div class=\"elementor-widget-container\">\n\t\t\t\t\t<h2 class=\"elementor-heading-title elementor-size-default\">Nuestra misi\u00f3n\n<\/h2>\t\t\t\t<\/div>\n\t\t\t\t<\/div>\n\t\t\t\t<div class=\"elementor-element elementor-element-9c8d144 elementor-widget elementor-widget-text-editor\" data-id=\"9c8d144\" data-element_type=\"widget\" data-e-type=\"widget\" data-widget_type=\"text-editor.default\">\n\t\t\t\t<div class=\"elementor-widget-container\">\n\t\t\t\t\t\t\t\t\t<p>El siglo XXI nos aporta un nuevo paradigma en t\u00e9rminos de finanzas. Las finanzas de igual a igual (P2P) en redes abiertas prometen cambiar el mundo en beneficio de todos. CryptoBlock\u00ae se enorgullece de hacer esto realidad. Ofrecemos una soluci\u00f3n simple y segura con acceso f\u00edsico a la tecnolog\u00eda de Bitcoin y Blockchain. Buscamos lograr esto con una atenci\u00f3n humana cercana.<\/p>\t\t\t\t\t\t\t\t<\/div>\n\t\t\t\t<\/div>\n\t\t\t\t<div class=\"elementor-element elementor-element-30fd407 elementor-widget elementor-widget-heading\" data-id=\"30fd407\" data-element_type=\"widget\" data-e-type=\"widget\" id=\"investors\" data-widget_type=\"heading.default\">\n\t\t\t\t<div class=\"elementor-widget-container\">\n\t\t\t\t\t<h2 class=\"elementor-heading-title elementor-size-default\">Inversores<\/h2>\t\t\t\t<\/div>\n\t\t\t\t<\/div>\n\t\t\t\t<section class=\"elementor-section elementor-inner-section elementor-element elementor-element-ad42eff elementor-section-height-min-height elementor-section-boxed elementor-section-height-default\" data-id=\"ad42eff\" data-element_type=\"section\" data-e-type=\"section\" data-settings=\"{&quot;background_background&quot;:&quot;classic&quot;}\">\n\t\t\t\t\t\t<div class=\"elementor-container elementor-column-gap-wider\">\n\t\t\t\t\t<div class=\"elementor-column elementor-col-50 elementor-inner-column elementor-element elementor-element-d668529\" data-id=\"d668529\" data-element_type=\"column\" data-e-type=\"column\">\n\t\t\t<div class=\"elementor-widget-wrap elementor-element-populated\">\n\t\t\t\t\t\t<div class=\"elementor-element elementor-element-5458ed6 elementor-position-left elementor-vertical-align-middle elementor-widget elementor-widget-image-box\" data-id=\"5458ed6\" data-element_type=\"widget\" data-e-type=\"widget\" data-widget_type=\"image-box.default\">\n\t\t\t\t<div class=\"elementor-widget-container\">\n\t\t\t\t\t<div class=\"elementor-image-box-wrapper\"><figure class=\"elementor-image-box-img\"><img fetchpriority=\"high\" decoding=\"async\" width=\"700\" height=\"700\" src=\"https:\/\/www.cryptoblock.net\/wp-content\/uploads\/2024\/01\/stef01_BW.jpg\" class=\"attachment-full size-full wp-image-983\" alt=\"\" srcset=\"https:\/\/www.cryptoblock.net\/wp-content\/uploads\/2024\/01\/stef01_BW.jpg 700w, https:\/\/www.cryptoblock.net\/wp-content\/uploads\/2024\/01\/stef01_BW-300x300.jpg 300w, https:\/\/www.cryptoblock.net\/wp-content\/uploads\/2024\/01\/stef01_BW-150x150.jpg 150w, https:\/\/www.cryptoblock.net\/wp-content\/uploads\/2024\/01\/stef01_BW-12x12.jpg 12w\" sizes=\"(max-width: 700px) 100vw, 700px\" \/><\/figure><div class=\"elementor-image-box-content\"><h3 class=\"elementor-image-box-title\">St\u00e9phane Abondance L\u00f3pez <\/h3><p class=\"elementor-image-box-description\">\nDirector ejecutivo | Cofundador<\/p><\/div><\/div>\t\t\t\t<\/div>\n\t\t\t\t<\/div>\n\t\t\t\t\t<\/div>\n\t\t<\/div>\n\t\t\t\t<div class=\"elementor-column elementor-col-50 elementor-inner-column elementor-element elementor-element-c72b75c\" data-id=\"c72b75c\" data-element_type=\"column\" data-e-type=\"column\">\n\t\t\t<div class=\"elementor-widget-wrap elementor-element-populated\">\n\t\t\t\t\t\t<div class=\"elementor-element elementor-element-a49a7e1 elementor-position-left elementor-vertical-align-middle elementor-widget elementor-widget-image-box\" data-id=\"a49a7e1\" data-element_type=\"widget\" data-e-type=\"widget\" data-widget_type=\"image-box.default\">\n\t\t\t\t<div class=\"elementor-widget-container\">\n\t\t\t\t\t<div class=\"elementor-image-box-wrapper\"><figure class=\"elementor-image-box-img\"><img decoding=\"async\" width=\"230\" height=\"230\" src=\"https:\/\/www.cryptoblock.net\/wp-content\/uploads\/2023\/12\/Imagen1.jpg\" class=\"attachment-full size-full wp-image-753\" alt=\"\" srcset=\"https:\/\/www.cryptoblock.net\/wp-content\/uploads\/2023\/12\/Imagen1.jpg 230w, https:\/\/www.cryptoblock.net\/wp-content\/uploads\/2023\/12\/Imagen1-150x150.jpg 150w, https:\/\/www.cryptoblock.net\/wp-content\/uploads\/2023\/12\/Imagen1-12x12.jpg 12w\" sizes=\"(max-width: 230px) 100vw, 230px\" \/><\/figure><div class=\"elementor-image-box-content\"><h3 class=\"elementor-image-box-title\">\u00c1ngel Fern\u00e1ndez L\u00f3pez <\/h3><p class=\"elementor-image-box-description\">\nAsesor Financiero | Cofundador<\/p><\/div><\/div>\t\t\t\t<\/div>\n\t\t\t\t<\/div>\n\t\t\t\t\t<\/div>\n\t\t<\/div>\n\t\t\t\t\t<\/div>\n\t\t<\/section>\n\t\t\t\t<div class=\"elementor-element elementor-element-eea4a73 elementor-widget elementor-widget-heading\" data-id=\"eea4a73\" data-element_type=\"widget\" data-e-type=\"widget\" id=\"trajectory\" data-widget_type=\"heading.default\">\n\t\t\t\t<div class=\"elementor-widget-container\">\n\t\t\t\t\t<h2 class=\"elementor-heading-title elementor-size-default\">Nuestra trayectoria\n<\/h2>\t\t\t\t<\/div>\n\t\t\t\t<\/div>\n\t\t\t\t<section class=\"elementor-section elementor-inner-section elementor-element elementor-element-fbb0083 elementor-section-height-min-height elementor-reverse-mobile elementor-section-boxed elementor-section-height-default\" data-id=\"fbb0083\" data-element_type=\"section\" data-e-type=\"section\" data-settings=\"{&quot;background_background&quot;:&quot;classic&quot;}\">\n\t\t\t\t\t\t<div class=\"elementor-container elementor-column-gap-wider\">\n\t\t\t\t\t<div class=\"elementor-column elementor-col-25 elementor-inner-column elementor-element elementor-element-0ac088b\" data-id=\"0ac088b\" data-element_type=\"column\" data-e-type=\"column\">\n\t\t\t<div class=\"elementor-widget-wrap elementor-element-populated\">\n\t\t\t\t\t\t<div class=\"elementor-element elementor-element-48d8d61 elementor-widget elementor-widget-heading\" data-id=\"48d8d61\" data-element_type=\"widget\" data-e-type=\"widget\" data-widget_type=\"heading.default\">\n\t\t\t\t<div class=\"elementor-widget-container\">\n\t\t\t\t\t<h4 class=\"elementor-heading-title elementor-size-small\">Abril 2022<\/h4>\t\t\t\t<\/div>\n\t\t\t\t<\/div>\n\t\t\t\t<div class=\"elementor-element elementor-element-7a9a789 elementor-widget elementor-widget-text-editor\" data-id=\"7a9a789\" data-element_type=\"widget\" data-e-type=\"widget\" data-widget_type=\"text-editor.default\">\n\t\t\t\t<div class=\"elementor-widget-container\">\n\t\t\t\t\t\t\t\t\t<p>Constituci\u00f3n de la empresa, iniciando el desarrollo de la<br \/>plataforma junto con su back-office.<\/p>\t\t\t\t\t\t\t\t<\/div>\n\t\t\t\t<\/div>\n\t\t\t\t\t<\/div>\n\t\t<\/div>\n\t\t\t\t<div class=\"elementor-column elementor-col-25 elementor-inner-column elementor-element elementor-element-6d1e6d2\" data-id=\"6d1e6d2\" data-element_type=\"column\" data-e-type=\"column\">\n\t\t\t<div class=\"elementor-widget-wrap elementor-element-populated\">\n\t\t\t\t\t\t<div class=\"elementor-element elementor-element-b504cc1 elementor-widget elementor-widget-heading\" data-id=\"b504cc1\" data-element_type=\"widget\" data-e-type=\"widget\" data-widget_type=\"heading.default\">\n\t\t\t\t<div class=\"elementor-widget-container\">\n\t\t\t\t\t<h4 class=\"elementor-heading-title elementor-size-small\">Marzo 2023<\/h4>\t\t\t\t<\/div>\n\t\t\t\t<\/div>\n\t\t\t\t<div class=\"elementor-element elementor-element-defad37 elementor-widget elementor-widget-text-editor\" data-id=\"defad37\" data-element_type=\"widget\" data-e-type=\"widget\" data-widget_type=\"text-editor.default\">\n\t\t\t\t<div class=\"elementor-widget-container\">\n\t\t\t\t\t\t\t\t\t<p>Conseguimos nuestro registro en el banco de Espa\u00f1a<\/p>\t\t\t\t\t\t\t\t<\/div>\n\t\t\t\t<\/div>\n\t\t\t\t\t<\/div>\n\t\t<\/div>\n\t\t\t\t<div class=\"elementor-column elementor-col-25 elementor-inner-column elementor-element elementor-element-26a1fc4\" data-id=\"26a1fc4\" data-element_type=\"column\" data-e-type=\"column\">\n\t\t\t<div class=\"elementor-widget-wrap elementor-element-populated\">\n\t\t\t\t\t\t<div class=\"elementor-element elementor-element-ef5c0d1 elementor-widget elementor-widget-heading\" data-id=\"ef5c0d1\" data-element_type=\"widget\" data-e-type=\"widget\" data-widget_type=\"heading.default\">\n\t\t\t\t<div class=\"elementor-widget-container\">\n\t\t\t\t\t<h4 class=\"elementor-heading-title elementor-size-small\">Julio 2023<\/h4>\t\t\t\t<\/div>\n\t\t\t\t<\/div>\n\t\t\t\t<div class=\"elementor-element elementor-element-5f27555 elementor-widget elementor-widget-text-editor\" data-id=\"5f27555\" data-element_type=\"widget\" data-e-type=\"widget\" data-widget_type=\"text-editor.default\">\n\t\t\t\t<div class=\"elementor-widget-container\">\n\t\t\t\t\t\t\t\t\t<p>Nuestra marca queda registrada en Europa, CryptoBlock<\/p>\t\t\t\t\t\t\t\t<\/div>\n\t\t\t\t<\/div>\n\t\t\t\t\t<\/div>\n\t\t<\/div>\n\t\t\t\t<div class=\"elementor-column elementor-col-25 elementor-inner-column elementor-element elementor-element-e444d7a\" data-id=\"e444d7a\" data-element_type=\"column\" data-e-type=\"column\">\n\t\t\t<div class=\"elementor-widget-wrap elementor-element-populated\">\n\t\t\t\t\t\t<div class=\"elementor-element elementor-element-06c84ae elementor-widget elementor-widget-heading\" data-id=\"06c84ae\" data-element_type=\"widget\" data-e-type=\"widget\" data-widget_type=\"heading.default\">\n\t\t\t\t<div class=\"elementor-widget-container\">\n\t\t\t\t\t<h4 class=\"elementor-heading-title elementor-size-small\">Noviembre 2023<\/h4>\t\t\t\t<\/div>\n\t\t\t\t<\/div>\n\t\t\t\t<div class=\"elementor-element elementor-element-4a65103 elementor-widget elementor-widget-text-editor\" data-id=\"4a65103\" data-element_type=\"widget\" data-e-type=\"widget\" data-widget_type=\"text-editor.default\">\n\t\t\t\t<div class=\"elementor-widget-container\">\n\t\t\t\t\t\t\t\t\t<p>Plataforma en Beta. Arrancando el prototipo de nuestro kiosko<\/p>\t\t\t\t\t\t\t\t<\/div>\n\t\t\t\t<\/div>\n\t\t\t\t\t<\/div>\n\t\t<\/div>\n\t\t\t\t\t<\/div>\n\t\t<\/section>\n\t\t\t\t<section class=\"elementor-section elementor-inner-section elementor-element elementor-element-1b3e834 elementor-section-height-min-height elementor-reverse-mobile elementor-section-boxed elementor-section-height-default\" data-id=\"1b3e834\" data-element_type=\"section\" data-e-type=\"section\" data-settings=\"{&quot;background_background&quot;:&quot;classic&quot;}\">\n\t\t\t\t\t\t<div class=\"elementor-container elementor-column-gap-wider\">\n\t\t\t\t\t<div class=\"elementor-column elementor-col-50 elementor-inner-column elementor-element elementor-element-ade15cb\" data-id=\"ade15cb\" data-element_type=\"column\" data-e-type=\"column\">\n\t\t\t<div class=\"elementor-widget-wrap elementor-element-populated\">\n\t\t\t\t\t\t<div class=\"elementor-element elementor-element-b476428 elementor-widget elementor-widget-image\" data-id=\"b476428\" data-element_type=\"widget\" data-e-type=\"widget\" data-widget_type=\"image.default\">\n\t\t\t\t<div class=\"elementor-widget-container\">\n\t\t\t\t\t\t\t\t\t\t\t\t\t\t\t<img decoding=\"async\" width=\"640\" height=\"315\" src=\"https:\/\/www.cryptoblock.net\/wp-content\/uploads\/2024\/02\/Logo-ingles-1.jpg\" class=\"attachment-full size-full wp-image-1353\" alt=\"\" srcset=\"https:\/\/www.cryptoblock.net\/wp-content\/uploads\/2024\/02\/Logo-ingles-1.jpg 640w, https:\/\/www.cryptoblock.net\/wp-content\/uploads\/2024\/02\/Logo-ingles-1-300x148.jpg 300w, https:\/\/www.cryptoblock.net\/wp-content\/uploads\/2024\/02\/Logo-ingles-1-18x9.jpg 18w\" sizes=\"(max-width: 640px) 100vw, 640px\" \/>\t\t\t\t\t\t\t\t\t\t\t\t\t\t\t<\/div>\n\t\t\t\t<\/div>\n\t\t\t\t\t<\/div>\n\t\t<\/div>\n\t\t\t\t<div class=\"elementor-column elementor-col-50 elementor-inner-column elementor-element elementor-element-0e8bf0b\" data-id=\"0e8bf0b\" data-element_type=\"column\" data-e-type=\"column\">\n\t\t\t<div class=\"elementor-widget-wrap elementor-element-populated\">\n\t\t\t\t\t\t<div class=\"elementor-element elementor-element-5c2ef53 elementor-widget elementor-widget-image\" data-id=\"5c2ef53\" data-element_type=\"widget\" data-e-type=\"widget\" data-widget_type=\"image.default\">\n\t\t\t\t<div class=\"elementor-widget-container\">\n\t\t\t\t\t\t\t\t\t\t\t\t\t\t\t<img loading=\"lazy\" decoding=\"async\" width=\"2560\" height=\"566\" src=\"https:\/\/www.cryptoblock.net\/wp-content\/uploads\/2024\/01\/Logo_Banco_de_Espana.svg_.png\" class=\"attachment-full size-full wp-image-1021\" alt=\"\" srcset=\"https:\/\/www.cryptoblock.net\/wp-content\/uploads\/2024\/01\/Logo_Banco_de_Espana.svg_.png 2560w, https:\/\/www.cryptoblock.net\/wp-content\/uploads\/2024\/01\/Logo_Banco_de_Espana.svg_-300x66.png 300w, https:\/\/www.cryptoblock.net\/wp-content\/uploads\/2024\/01\/Logo_Banco_de_Espana.svg_-1024x226.png 1024w, https:\/\/www.cryptoblock.net\/wp-content\/uploads\/2024\/01\/Logo_Banco_de_Espana.svg_-768x170.png 768w, https:\/\/www.cryptoblock.net\/wp-content\/uploads\/2024\/01\/Logo_Banco_de_Espana.svg_-1536x340.png 1536w, https:\/\/www.cryptoblock.net\/wp-content\/uploads\/2024\/01\/Logo_Banco_de_Espana.svg_-2048x453.png 2048w, https:\/\/www.cryptoblock.net\/wp-content\/uploads\/2024\/01\/Logo_Banco_de_Espana.svg_-18x4.png 18w\" sizes=\"(max-width: 2560px) 100vw, 2560px\" \/>\t\t\t\t\t\t\t\t\t\t\t\t\t\t\t<\/div>\n\t\t\t\t<\/div>\n\t\t\t\t\t<\/div>\n\t\t<\/div>\n\t\t\t\t\t<\/div>\n\t\t<\/section>\n\t\t\t\t\t<\/div>\n\t\t<\/div>\n\t\t\t\t\t<\/div>\n\t\t<\/section>\n\t\t\t\t<\/div>","protected":false},"excerpt":{"rendered":"<p>Our mission The 21st century brings us a new paradigm in terms of finances. Peer-to-peer\u00a0 (P2P), open-network finance holds the promise to change the world for the benefit of all. CryptoBlock\u00ae is proud to be making this a reality. We offer a simple and secure solution with physical access to Bitcoin and Blockchain technology. We [&hellip;]<\/p>\n","protected":false},"author":1,"featured_media":0,"parent":0,"menu_order":0,"comment_status":"closed","ping_status":"closed","template":"","meta":{"inline_featured_image":false,"site-sidebar-layout":"no-sidebar","site-content-layout":"","ast-site-content-layout":"full-width-container","site-content-style":"default","site-sidebar-style":"default","ast-global-header-display":"","ast-banner-title-visibility":"","ast-main-header-display":"","ast-hfb-above-header-display":"","ast-hfb-below-header-display":"","ast-hfb-mobile-header-display":"","site-post-title":"disabled","ast-breadcrumbs-content":"","ast-featured-img":"disabled","footer-sml-layout":"","theme-transparent-header-meta":"","adv-header-id-meta":"","stick-header-meta":"","header-above-stick-meta":"","header-main-stick-meta":"","header-below-stick-meta":"","astra-migrate-meta-layouts":"default","ast-page-background-enabled":"default","ast-page-background-meta":{"desktop":{"background-color":"var(--ast-global-color-4)","background-image":"","background-repeat":"repeat","background-position":"center center","background-size":"auto","background-attachment":"scroll","background-type":"","background-media":"","overlay-type":"","overlay-color":"","overlay-opacity":"","overlay-gradient":""},"tablet":{"background-color":"","background-image":"","background-repeat":"repeat","background-position":"center center","background-size":"auto","background-attachment":"scroll","background-type":"","background-media":"","overlay-type":"","overlay-color":"","overlay-opacity":"","overlay-gradient":""},"mobile":{"background-color":"","background-image":"","background-repeat":"repeat","background-position":"center center","background-size":"auto","background-attachment":"scroll","background-type":"","background-media":"","overlay-type":"","overlay-color":"","overlay-opacity":"","overlay-gradient":""}},"ast-content-background-meta":{"desktop":{"background-color":"var(--ast-global-color-5)","background-image":"","background-repeat":"repeat","background-position":"center center","background-size":"auto","background-attachment":"scroll","background-type":"","background-media":"","overlay-type":"","overlay-color":"","overlay-opacity":"","overlay-gradient":""},"tablet":{"background-color":"var(--ast-global-color-5)","background-image":"","background-repeat":"repeat","background-position":"center center","background-size":"auto","background-attachment":"scroll","background-type":"","background-media":"","overlay-type":"","overlay-color":"","overlay-opacity":"","overlay-gradient":""},"mobile":{"background-color":"var(--ast-global-color-5)","background-image":"","background-repeat":"repeat","background-position":"center center","background-size":"auto","background-attachment":"scroll","background-type":"","background-media":"","overlay-type":"","overlay-color":"","overlay-opacity":"","overlay-gradient":""}},"footnotes":""},"class_list":["post-401","page","type-page","status-publish","hentry"],"aioseo_notices":[],"_links":{"self":[{"href":"https:\/\/www.cryptoblock.net\/es\/wp-json\/wp\/v2\/pages\/401","targetHints":{"allow":["GET"]}}],"collection":[{"href":"https:\/\/www.cryptoblock.net\/es\/wp-json\/wp\/v2\/pages"}],"about":[{"href":"https:\/\/www.cryptoblock.net\/es\/wp-json\/wp\/v2\/types\/page"}],"author":[{"embeddable":true,"href":"https:\/\/www.cryptoblock.net\/es\/wp-json\/wp\/v2\/users\/1"}],"replies":[{"embeddable":true,"href":"https:\/\/www.cryptoblock.net\/es\/wp-json\/wp\/v2\/comments?post=401"}],"version-history":[{"count":140,"href":"https:\/\/www.cryptoblock.net\/es\/wp-json\/wp\/v2\/pages\/401\/revisions"}],"predecessor-version":[{"id":1356,"href":"https:\/\/www.cryptoblock.net\/es\/wp-json\/wp\/v2\/pages\/401\/revisions\/1356"}],"wp:attachment":[{"href":"https:\/\/www.cryptoblock.net\/es\/wp-json\/wp\/v2\/media?parent=401"}],"curies":[{"name":"wp","href":"https:\/\/api.w.org\/{rel}","templated":true}]}}